{"id":304,"date":"2024-11-06T15:59:21","date_gmt":"2024-11-06T15:59:21","guid":{"rendered":"https:\/\/ploatech.cobble.gr\/?page_id=304"},"modified":"2026-01-31T15:23:48","modified_gmt":"2026-01-31T14:23:48","slug":"projects","status":"publish","type":"page","link":"https:\/\/ploatech.com\/es\/projects\/","title":{"rendered":"Proyectos"},"content":{"rendered":"<div data-elementor-type=\"wp-post\" data-elementor-id=\"304\" class=\"elementor elementor-304\" data-elementor-settings=\"{&quot;ha_cmc_init_switcher&quot;:&quot;no&quot;}\" data-elementor-post-type=\"page\">\n\t\t\t\t<div class=\"elementor-element elementor-element-aabc56e e-con-full e-flex e-con e-parent\" data-id=\"aabc56e\" data-element_type=\"container\" data-settings=\"{&quot;background_background&quot;:&quot;classic&quot;,&quot;_ha_eqh_enable&quot;:false}\">\n\t\t<div class=\"elementor-element elementor-element-1bcbed3 e-con-full e-flex e-con e-child\" data-id=\"1bcbed3\" data-element_type=\"container\" data-settings=\"{&quot;_ha_eqh_enable&quot;:false}\">\n\t\t\t\t<div class=\"elementor-element elementor-element-c86a18a elementor-widget elementor-widget-heading\" data-id=\"c86a18a\" data-element_type=\"widget\" data-widget_type=\"heading.default\">\n\t\t\t\t<div class=\"elementor-widget-container\">\n\t\t\t\t\t<h2 class=\"elementor-heading-title elementor-size-default\">Proyectos<\/h2>\t\t\t\t<\/div>\n\t\t\t\t<\/div>\n\t\t\t\t<\/div>\n\t\t\t\t<\/div>\n\t\t<div class=\"elementor-element elementor-element-7f21efaf e-con-full e-flex e-con e-parent\" data-id=\"7f21efaf\" data-element_type=\"container\" data-settings=\"{&quot;_ha_eqh_enable&quot;:false}\">\n\t\t<div class=\"elementor-element elementor-element-40d6614f e-con-full e-flex e-con e-child\" data-id=\"40d6614f\" data-element_type=\"container\" data-settings=\"{&quot;_ha_eqh_enable&quot;:false}\">\n\t\t<div class=\"elementor-element elementor-element-500d536 e-con-full e-flex e-con e-child\" data-id=\"500d536\" data-element_type=\"container\" data-settings=\"{&quot;_ha_eqh_enable&quot;:false}\">\n\t\t\t\t<div class=\"elementor-element elementor-element-4c2cf2d elementor-widget__width-auto elementor-widget-divider--view-line elementor-widget elementor-widget-divider\" data-id=\"4c2cf2d\" data-element_type=\"widget\" data-widget_type=\"divider.default\">\n\t\t\t\t<div class=\"elementor-widget-container\">\n\t\t\t\t\t\t\t<div class=\"elementor-divider\">\n\t\t\t<span class=\"elementor-divider-separator\">\n\t\t\t\t\t\t<\/span>\n\t\t<\/div>\n\t\t\t\t\t\t<\/div>\n\t\t\t\t<\/div>\n\t\t\t\t<div class=\"elementor-element elementor-element-daed518 elementor-widget elementor-widget-heading\" data-id=\"daed518\" data-element_type=\"widget\" data-widget_type=\"heading.default\">\n\t\t\t\t<div class=\"elementor-widget-container\">\n\t\t\t\t\t<h2 class=\"elementor-heading-title elementor-size-default\">PLOATECH<\/h2>\t\t\t\t<\/div>\n\t\t\t\t<\/div>\n\t\t\t\t<div class=\"elementor-element elementor-element-bd1f945 elementor-widget__width-auto elementor-widget-divider--view-line elementor-widget elementor-widget-divider\" data-id=\"bd1f945\" data-element_type=\"widget\" data-widget_type=\"divider.default\">\n\t\t\t\t<div class=\"elementor-widget-container\">\n\t\t\t\t\t\t\t<div class=\"elementor-divider\">\n\t\t\t<span class=\"elementor-divider-separator\">\n\t\t\t\t\t\t<\/span>\n\t\t<\/div>\n\t\t\t\t\t\t<\/div>\n\t\t\t\t<\/div>\n\t\t\t\t<\/div>\n\t\t\t\t<div class=\"elementor-element elementor-element-a19b3aa elementor-widget elementor-widget-heading\" data-id=\"a19b3aa\" data-element_type=\"widget\" data-widget_type=\"heading.default\">\n\t\t\t\t<div class=\"elementor-widget-container\">\n\t\t\t\t\t<h2 class=\"elementor-heading-title elementor-size-default\">Proyectos competitivos<\/h2>\t\t\t\t<\/div>\n\t\t\t\t<\/div>\n\t\t\t\t<div class=\"elementor-element elementor-element-72f918c3 elementor-widget__width-initial elementor-widget elementor-widget-text-editor\" data-id=\"72f918c3\" data-element_type=\"widget\" data-widget_type=\"text-editor.default\">\n\t\t\t\t<div class=\"elementor-widget-container\">\n\t\t\t\t\t\t\t\t\t<p>PLOATECH est\u00e1 comprometida con la innovaci\u00f3n y participa activamente en proyectos competitivos de I+D+i financiados por la Uni\u00f3n Europea, instituciones p\u00fablicas y privadas.<\/p>\t\t\t\t\t\t\t\t<\/div>\n\t\t\t\t<\/div>\n\t\t\t\t<\/div>\n\t\t\t\t<\/div>\n\t\t<div class=\"elementor-element elementor-element-e984a5b e-flex e-con-boxed e-con e-parent\" data-id=\"e984a5b\" data-element_type=\"container\" data-settings=\"{&quot;background_background&quot;:&quot;classic&quot;,&quot;_ha_eqh_enable&quot;:false}\">\n\t\t\t\t\t<div class=\"e-con-inner\">\n\t\t<div class=\"elementor-element elementor-element-555808b e-con-full e-flex e-con e-child\" data-id=\"555808b\" data-element_type=\"container\" data-settings=\"{&quot;_ha_eqh_enable&quot;:false}\">\n\t\t\t\t<div class=\"elementor-element elementor-element-b5f17e1 elementor-widget elementor-widget-heading\" data-id=\"b5f17e1\" data-element_type=\"widget\" data-widget_type=\"heading.default\">\n\t\t\t\t<div class=\"elementor-widget-container\">\n\t\t\t\t\t<h2 class=\"elementor-heading-title elementor-size-default\">UE Horizonte Europa - NEXTMARINE<\/h2>\t\t\t\t<\/div>\n\t\t\t\t<\/div>\n\t\t\t\t<div class=\"elementor-element elementor-element-a2fff88 elementor-widget elementor-widget-text-editor\" data-id=\"a2fff88\" data-element_type=\"widget\" data-widget_type=\"text-editor.default\">\n\t\t\t\t<div class=\"elementor-widget-container\">\n\t\t\t\t\t\t\t\t\t<p>NEXTMARINE es un proyecto de Horizon Europe de 4,5 millones de euros que explora ecosistemas marinos extremos para desbloquear innovaciones sostenibles basadas en la bioeconom\u00eda. PLOATECH lidera WP1, ofreciendo soluciones avanzadas de imagen y mapeo para muestreo no invasivo en entornos fr\u00e1giles, lo que permite una exploraci\u00f3n responsable y aplicaciones en la bioeconom\u00eda circular.<\/p>\t\t\t\t\t\t\t\t<\/div>\n\t\t\t\t<\/div>\n\t\t\t\t<div class=\"elementor-element elementor-element-b988cf5 elementor-widget elementor-widget-ha-creative-button happy-addon ha-creative-button\" data-id=\"b988cf5\" data-element_type=\"widget\" data-widget_type=\"ha-creative-button.default\">\n\t\t\t\t<div class=\"elementor-widget-container\">\n\t\t\t\t\t\t\t<div data-magnetic=\"no\" class=\"ha-creative-btn-wrap\">\n\t\t\t<a class=\"ha-creative-btn ha-stl--hermosa ha-eft--render\" href=\"https:\/\/ploatech.com\/es\/projects\/nextmarine\/\" rel=\"nofollow\"><span>Leer m\u00e1s<\/span><\/a>\n\t\t<\/div>\t\t\t\t<\/div>\n\t\t\t\t<\/div>\n\t\t\t\t<\/div>\n\t\t<div class=\"elementor-element elementor-element-5d660c8 e-con-full e-flex e-con e-child\" data-id=\"5d660c8\" data-element_type=\"container\" data-settings=\"{&quot;_ha_eqh_enable&quot;:false}\">\n\t\t\t\t<div class=\"elementor-element elementor-element-8372a8c elementor-widget__width-initial elementor-widget elementor-widget-image\" data-id=\"8372a8c\" data-element_type=\"widget\" data-widget_type=\"image.default\">\n\t\t\t\t<div class=\"elementor-widget-container\">\n\t\t\t\t\t\t\t\t\t\t\t\t\t\t\t<img fetchpriority=\"high\" decoding=\"async\" width=\"274\" height=\"199\" src=\"https:\/\/ploatech.com\/wp-content\/uploads\/2026\/01\/NEXTMARINE-2.png\" class=\"attachment-large size-large wp-image-1249\" alt=\"\" srcset=\"https:\/\/ploatech.com\/wp-content\/uploads\/2026\/01\/NEXTMARINE-2.png 274w, https:\/\/ploatech.com\/wp-content\/uploads\/2026\/01\/NEXTMARINE-2-18x12.png 18w\" sizes=\"(max-width: 274px) 100vw, 274px\" \/>\t\t\t\t\t\t\t\t\t\t\t\t\t\t\t<\/div>\n\t\t\t\t<\/div>\n\t\t\t\t<\/div>\n\t\t\t\t\t<\/div>\n\t\t\t\t<\/div>\n\t\t<div class=\"elementor-element elementor-element-529e16a8 e-flex e-con-boxed e-con e-parent\" data-id=\"529e16a8\" data-element_type=\"container\" data-settings=\"{&quot;background_background&quot;:&quot;classic&quot;,&quot;_ha_eqh_enable&quot;:false}\">\n\t\t\t\t\t<div class=\"e-con-inner\">\n\t\t<div class=\"elementor-element elementor-element-30b86ac e-con-full e-flex e-con e-child\" data-id=\"30b86ac\" data-element_type=\"container\" data-settings=\"{&quot;_ha_eqh_enable&quot;:false}\">\n\t\t\t\t<div class=\"elementor-element elementor-element-49b201be elementor-widget__width-initial elementor-widget elementor-widget-image\" data-id=\"49b201be\" data-element_type=\"widget\" data-widget_type=\"image.default\">\n\t\t\t\t<div class=\"elementor-widget-container\">\n\t\t\t\t\t\t\t\t\t\t\t\t\t\t\t<img decoding=\"async\" width=\"800\" height=\"800\" src=\"https:\/\/ploatech.com\/wp-content\/uploads\/2025\/05\/20241217_102317.jpg\" class=\"attachment-large size-large wp-image-989\" alt=\"\" srcset=\"https:\/\/ploatech.com\/wp-content\/uploads\/2025\/05\/20241217_102317.jpg 1000w, https:\/\/ploatech.com\/wp-content\/uploads\/2025\/05\/20241217_102317-300x300.jpg 300w, https:\/\/ploatech.com\/wp-content\/uploads\/2025\/05\/20241217_102317-150x150.jpg 150w, https:\/\/ploatech.com\/wp-content\/uploads\/2025\/05\/20241217_102317-768x768.jpg 768w, https:\/\/ploatech.com\/wp-content\/uploads\/2025\/05\/20241217_102317-12x12.jpg 12w\" sizes=\"(max-width: 800px) 100vw, 800px\" \/>\t\t\t\t\t\t\t\t\t\t\t\t\t\t\t<\/div>\n\t\t\t\t<\/div>\n\t\t\t\t<\/div>\n\t\t<div class=\"elementor-element elementor-element-4567d66c e-con-full e-flex e-con e-child\" data-id=\"4567d66c\" data-element_type=\"container\" data-settings=\"{&quot;_ha_eqh_enable&quot;:false}\">\n\t\t\t\t<div class=\"elementor-element elementor-element-189cc5b elementor-widget elementor-widget-heading\" data-id=\"189cc5b\" data-element_type=\"widget\" data-widget_type=\"heading.default\">\n\t\t\t\t<div class=\"elementor-widget-container\">\n\t\t\t\t\t<h2 class=\"elementor-heading-title elementor-size-default\">EU H2020 - RAMONES<\/h2>\t\t\t\t<\/div>\n\t\t\t\t<\/div>\n\t\t\t\t<div class=\"elementor-element elementor-element-7a46614 elementor-widget elementor-widget-text-editor\" data-id=\"7a46614\" data-element_type=\"widget\" data-widget_type=\"text-editor.default\">\n\t\t\t\t<div class=\"elementor-widget-container\">\n\t\t\t\t\t\t\t\t\t<p>El proyecto RAMONES, financiado por la UE, desarroll\u00f3 sistemas rob\u00f3ticos aut\u00f3nomos y de bajo consumo para la monitorizaci\u00f3n de alta resoluci\u00f3n de la radiactividad oce\u00e1nica. PLOATECH desarroll\u00f3 nuevos instrumentos de medici\u00f3n de radiactividad integrados en planeadores aut\u00f3nomos submarinos y un laboratorio bent\u00f3nico para obtener inteligencia ambiental casi en tiempo real y apoyo a pol\u00edticas en ecosistemas marinos.<\/p>\t\t\t\t\t\t\t\t<\/div>\n\t\t\t\t<\/div>\n\t\t\t\t<div class=\"elementor-element elementor-element-306f244 elementor-widget elementor-widget-ha-creative-button happy-addon ha-creative-button\" data-id=\"306f244\" data-element_type=\"widget\" data-widget_type=\"ha-creative-button.default\">\n\t\t\t\t<div class=\"elementor-widget-container\">\n\t\t\t\t\t\t\t<div data-magnetic=\"no\" class=\"ha-creative-btn-wrap\">\n\t\t\t<a class=\"ha-creative-btn ha-stl--hermosa ha-eft--render\" href=\"https:\/\/ploatech.com\/es\/projects\/ramones\/\" rel=\"nofollow\"><span>Leer m\u00e1s<\/span><\/a>\n\t\t<\/div>\t\t\t\t<\/div>\n\t\t\t\t<\/div>\n\t\t\t\t<\/div>\n\t\t\t\t\t<\/div>\n\t\t\t\t<\/div>\n\t\t<div class=\"elementor-element elementor-element-3ae8049 e-flex e-con-boxed e-con e-parent\" data-id=\"3ae8049\" data-element_type=\"container\" data-settings=\"{&quot;background_background&quot;:&quot;classic&quot;,&quot;_ha_eqh_enable&quot;:false}\">\n\t\t\t\t\t<div class=\"e-con-inner\">\n\t\t<div class=\"elementor-element elementor-element-82128c3 e-con-full e-flex e-con e-child\" data-id=\"82128c3\" data-element_type=\"container\" data-settings=\"{&quot;_ha_eqh_enable&quot;:false}\">\n\t\t\t\t<div class=\"elementor-element elementor-element-4f5267e elementor-widget__width-initial elementor-widget elementor-widget-image\" data-id=\"4f5267e\" data-element_type=\"widget\" data-widget_type=\"image.default\">\n\t\t\t\t<div class=\"elementor-widget-container\">\n\t\t\t\t\t\t\t\t\t\t\t\t\t\t\t<img decoding=\"async\" width=\"800\" height=\"534\" src=\"https:\/\/ploatech.com\/wp-content\/uploads\/2024\/11\/363794101_1208218386523741_3625627355611490986_n-1024x683.webp\" class=\"attachment-large size-large wp-image-379\" alt=\"\" srcset=\"https:\/\/ploatech.com\/wp-content\/uploads\/2024\/11\/363794101_1208218386523741_3625627355611490986_n-1024x683.webp 1024w, https:\/\/ploatech.com\/wp-content\/uploads\/2024\/11\/363794101_1208218386523741_3625627355611490986_n-300x200.webp 300w, https:\/\/ploatech.com\/wp-content\/uploads\/2024\/11\/363794101_1208218386523741_3625627355611490986_n-768x512.webp 768w, https:\/\/ploatech.com\/wp-content\/uploads\/2024\/11\/363794101_1208218386523741_3625627355611490986_n.webp 1440w\" sizes=\"(max-width: 800px) 100vw, 800px\" \/>\t\t\t\t\t\t\t\t\t\t\t\t\t\t\t<\/div>\n\t\t\t\t<\/div>\n\t\t\t\t<\/div>\n\t\t<div class=\"elementor-element elementor-element-b2df34f e-con-full e-flex e-con e-child\" data-id=\"b2df34f\" data-element_type=\"container\" data-settings=\"{&quot;_ha_eqh_enable&quot;:false}\">\n\t\t\t\t<div class=\"elementor-element elementor-element-411d3f7 elementor-widget elementor-widget-heading\" data-id=\"411d3f7\" data-element_type=\"widget\" data-widget_type=\"heading.default\">\n\t\t\t\t<div class=\"elementor-widget-container\">\n\t\t\t\t\t<h2 class=\"elementor-heading-title elementor-size-default\">NSF - ALASKA<\/h2>\t\t\t\t<\/div>\n\t\t\t\t<\/div>\n\t\t\t\t<div class=\"elementor-element elementor-element-21827be elementor-widget elementor-widget-text-editor\" data-id=\"21827be\" data-element_type=\"widget\" data-widget_type=\"text-editor.default\">\n\t\t\t\t<div class=\"elementor-widget-container\">\n\t\t\t\t\t\t\t\t\t<p>Este proyecto est\u00e1 liderado por el Woods Hole Oceanographic Institution y se centra en demostrar nuevas tecnolog\u00edas marinas para la exploraci\u00f3n bajo el hielo. PLOATECH proporcion\u00f3 experiencia de trabajo de campo para la Misi\u00f3n Alaska. <\/p>\t\t\t\t\t\t\t\t<\/div>\n\t\t\t\t<\/div>\n\t\t\t\t<div class=\"elementor-element elementor-element-5b13e35 elementor-widget elementor-widget-ha-creative-button happy-addon ha-creative-button\" data-id=\"5b13e35\" data-element_type=\"widget\" data-widget_type=\"ha-creative-button.default\">\n\t\t\t\t<div class=\"elementor-widget-container\">\n\t\t\t\t\t\t\t<div data-magnetic=\"no\" class=\"ha-creative-btn-wrap\">\n\t\t\t<a class=\"ha-creative-btn ha-stl--hermosa ha-eft--render\" href=\"https:\/\/ploatech.com\/es\/projects\/alaska\/\" rel=\"nofollow\"><span>Leer m\u00e1s<\/span><\/a>\n\t\t<\/div>\t\t\t\t<\/div>\n\t\t\t\t<\/div>\n\t\t\t\t<\/div>\n\t\t\t\t\t<\/div>\n\t\t\t\t<\/div>\n\t\t<div class=\"elementor-element elementor-element-0ff5f7c e-flex e-con-boxed e-con e-parent\" data-id=\"0ff5f7c\" data-element_type=\"container\" data-settings=\"{&quot;background_background&quot;:&quot;classic&quot;,&quot;_ha_eqh_enable&quot;:false}\">\n\t\t\t\t\t<div class=\"e-con-inner\">\n\t\t<div class=\"elementor-element elementor-element-d0677cc e-con-full e-flex e-con e-child\" data-id=\"d0677cc\" data-element_type=\"container\" data-settings=\"{&quot;_ha_eqh_enable&quot;:false}\">\n\t\t\t\t<div class=\"elementor-element elementor-element-b8b961f elementor-widget elementor-widget-heading\" data-id=\"b8b961f\" data-element_type=\"widget\" data-widget_type=\"heading.default\">\n\t\t\t\t<div class=\"elementor-widget-container\">\n\t\t\t\t\t<h2 class=\"elementor-heading-title elementor-size-default\">ACCIO Generalitat de Catalunya - LUCY<\/h2>\t\t\t\t<\/div>\n\t\t\t\t<\/div>\n\t\t\t\t<div class=\"elementor-element elementor-element-21962af elementor-widget elementor-widget-text-editor\" data-id=\"21962af\" data-element_type=\"widget\" data-widget_type=\"text-editor.default\">\n\t\t\t\t<div class=\"elementor-widget-container\">\n\t\t\t\t\t\t\t\t\t<p>El proyecto LUCY, coordinado por PLOATECH, tiene como objetivo desarrollar un novedoso generador de energ\u00eda hidrotermal en aguas profundas para alimentar de manera continua instrumentos cient\u00edficos, laboratorios bent\u00f3nicos y estaciones de acoplamiento. Se centra en proporcionar capacidades de exploraci\u00f3n y monitoreo sostenibles y bajas en carbono, minimizando la utilizaci\u00f3n de embarcaciones marinas.<\/p>\t\t\t\t\t\t\t\t<\/div>\n\t\t\t\t<\/div>\n\t\t\t\t<div class=\"elementor-element elementor-element-bd53c9a elementor-widget elementor-widget-ha-creative-button happy-addon ha-creative-button\" data-id=\"bd53c9a\" data-element_type=\"widget\" data-widget_type=\"ha-creative-button.default\">\n\t\t\t\t<div class=\"elementor-widget-container\">\n\t\t\t\t\t\t\t<div data-magnetic=\"no\" class=\"ha-creative-btn-wrap\">\n\t\t\t<a class=\"ha-creative-btn ha-stl--hermosa ha-eft--render\" href=\"https:\/\/ploatech.com\/es\/projects\/lucy\/\" rel=\"nofollow\"><span>Leer m\u00e1s<\/span><\/a>\n\t\t<\/div>\t\t\t\t<\/div>\n\t\t\t\t<\/div>\n\t\t\t\t<\/div>\n\t\t<div class=\"elementor-element elementor-element-2780c92 e-con-full e-flex e-con e-child\" data-id=\"2780c92\" data-element_type=\"container\" data-settings=\"{&quot;_ha_eqh_enable&quot;:false}\">\n\t\t\t\t<div class=\"elementor-element elementor-element-95395f7 elementor-widget__width-initial elementor-widget elementor-widget-image\" data-id=\"95395f7\" data-element_type=\"widget\" data-widget_type=\"image.default\">\n\t\t\t\t<div class=\"elementor-widget-container\">\n\t\t\t\t\t\t\t\t\t\t\t\t\t\t\t<img loading=\"lazy\" decoding=\"async\" width=\"612\" height=\"344\" src=\"https:\/\/ploatech.com\/wp-content\/uploads\/2024\/11\/lucy-2.png\" class=\"attachment-large size-large wp-image-317\" alt=\"\" srcset=\"https:\/\/ploatech.com\/wp-content\/uploads\/2024\/11\/lucy-2.png 612w, https:\/\/ploatech.com\/wp-content\/uploads\/2024\/11\/lucy-2-300x169.png 300w\" sizes=\"(max-width: 612px) 100vw, 612px\" \/>\t\t\t\t\t\t\t\t\t\t\t\t\t\t\t<\/div>\n\t\t\t\t<\/div>\n\t\t\t\t<\/div>\n\t\t\t\t\t<\/div>\n\t\t\t\t<\/div>\n\t\t<div class=\"elementor-element elementor-element-3471a5c e-flex e-con-boxed e-con e-parent\" data-id=\"3471a5c\" data-element_type=\"container\" data-settings=\"{&quot;background_background&quot;:&quot;classic&quot;,&quot;_ha_eqh_enable&quot;:false}\">\n\t\t\t\t\t<div class=\"e-con-inner\">\n\t\t<div class=\"elementor-element elementor-element-39faddb e-con-full e-flex e-con e-child\" data-id=\"39faddb\" data-element_type=\"container\" data-settings=\"{&quot;_ha_eqh_enable&quot;:false}\">\n\t\t\t\t<div class=\"elementor-element elementor-element-af95e34 elementor-widget elementor-widget-heading\" data-id=\"af95e34\" data-element_type=\"widget\" data-widget_type=\"heading.default\">\n\t\t\t\t<div class=\"elementor-widget-container\">\n\t\t\t\t\t<h2 class=\"elementor-heading-title elementor-size-default\">HFRI - SANTORY<\/h2>\t\t\t\t<\/div>\n\t\t\t\t<\/div>\n\t\t\t\t<div class=\"elementor-element elementor-element-24f8243 elementor-widget elementor-widget-text-editor\" data-id=\"24f8243\" data-element_type=\"widget\" data-widget_type=\"text-editor.default\">\n\t\t\t\t<div class=\"elementor-widget-container\">\n\t\t\t\t\t\t\t\t\t<p>El proyecto SANTORY, financiado por la Fundaci\u00f3n Hel\u00e9nica para la Investigaci\u00f3n y la Innovaci\u00f3n, est\u00e1 estableciendo un avanzado observatorio en el fondo marino en el volc\u00e1n submarino Kolumbo cerca de Santorini para monitorear y mitigar los riesgos de erupciones volc\u00e1nicas, deslizamientos de tierra, actividad s\u00edsmica y liberaci\u00f3n de metales peligrosos, utilizando sensores de alta tecnolog\u00eda para recopilar datos ambientales en tiempo real y mejorar la preparaci\u00f3n frente a peligros en el Mediterr\u00e1neo Oriental.<\/p>\t\t\t\t\t\t\t\t<\/div>\n\t\t\t\t<\/div>\n\t\t\t\t<div class=\"elementor-element elementor-element-b5a58c4 elementor-widget elementor-widget-ha-creative-button happy-addon ha-creative-button\" data-id=\"b5a58c4\" data-element_type=\"widget\" data-widget_type=\"ha-creative-button.default\">\n\t\t\t\t<div class=\"elementor-widget-container\">\n\t\t\t\t\t\t\t<div data-magnetic=\"no\" class=\"ha-creative-btn-wrap\">\n\t\t\t<a class=\"ha-creative-btn ha-stl--hermosa ha-eft--render\" href=\"https:\/\/ploatech.com\/es\/projects\/santory\/\" rel=\"nofollow\"><span>Leer m\u00e1s<\/span><\/a>\n\t\t<\/div>\t\t\t\t<\/div>\n\t\t\t\t<\/div>\n\t\t\t\t<\/div>\n\t\t<div class=\"elementor-element elementor-element-36393a5 e-con-full e-flex e-con e-child\" data-id=\"36393a5\" data-element_type=\"container\" data-settings=\"{&quot;_ha_eqh_enable&quot;:false}\">\n\t\t\t\t<div class=\"elementor-element elementor-element-a711c64 elementor-widget__width-initial elementor-widget elementor-widget-image\" data-id=\"a711c64\" data-element_type=\"widget\" data-widget_type=\"image.default\">\n\t\t\t\t<div class=\"elementor-widget-container\">\n\t\t\t\t\t\t\t\t\t\t\t\t\t\t\t<img loading=\"lazy\" decoding=\"async\" width=\"800\" height=\"450\" src=\"https:\/\/ploatech.com\/wp-content\/uploads\/2025\/05\/1698856709240-1024x576.jpeg\" class=\"attachment-large size-large wp-image-1031\" alt=\"\" srcset=\"https:\/\/ploatech.com\/wp-content\/uploads\/2025\/05\/1698856709240-1024x576.jpeg 1024w, https:\/\/ploatech.com\/wp-content\/uploads\/2025\/05\/1698856709240-300x169.jpeg 300w, https:\/\/ploatech.com\/wp-content\/uploads\/2025\/05\/1698856709240-768x432.jpeg 768w, https:\/\/ploatech.com\/wp-content\/uploads\/2025\/05\/1698856709240-18x10.jpeg 18w, https:\/\/ploatech.com\/wp-content\/uploads\/2025\/05\/1698856709240.jpeg 1178w\" sizes=\"(max-width: 800px) 100vw, 800px\" \/>\t\t\t\t\t\t\t\t\t\t\t\t\t\t\t<\/div>\n\t\t\t\t<\/div>\n\t\t\t\t<\/div>\n\t\t\t\t\t<\/div>\n\t\t\t\t<\/div>\n\t\t<div class=\"elementor-element elementor-element-989ff79 e-flex e-con-boxed e-con e-parent\" data-id=\"989ff79\" data-element_type=\"container\" data-settings=\"{&quot;background_background&quot;:&quot;classic&quot;,&quot;_ha_eqh_enable&quot;:false}\">\n\t\t\t\t\t<div class=\"e-con-inner\">\n\t\t<div class=\"elementor-element elementor-element-be3473d e-con-full e-flex e-con e-child\" data-id=\"be3473d\" data-element_type=\"container\" data-settings=\"{&quot;_ha_eqh_enable&quot;:false}\">\n\t\t\t\t<div class=\"elementor-element elementor-element-36b2182 elementor-widget__width-initial elementor-widget elementor-widget-image\" data-id=\"36b2182\" data-element_type=\"widget\" data-widget_type=\"image.default\">\n\t\t\t\t<div class=\"elementor-widget-container\">\n\t\t\t\t\t\t\t\t\t\t\t\t\t\t\t<img loading=\"lazy\" decoding=\"async\" width=\"800\" height=\"600\" src=\"https:\/\/ploatech.com\/wp-content\/uploads\/2024\/11\/IMG_1118-1024x768.webp\" class=\"attachment-large size-large wp-image-335\" alt=\"\" srcset=\"https:\/\/ploatech.com\/wp-content\/uploads\/2024\/11\/IMG_1118-1024x768.webp 1024w, https:\/\/ploatech.com\/wp-content\/uploads\/2024\/11\/IMG_1118-300x225.webp 300w, https:\/\/ploatech.com\/wp-content\/uploads\/2024\/11\/IMG_1118-768x576.webp 768w, https:\/\/ploatech.com\/wp-content\/uploads\/2024\/11\/IMG_1118-1536x1152.webp 1536w, https:\/\/ploatech.com\/wp-content\/uploads\/2024\/11\/IMG_1118-2048x1536.webp 2048w\" sizes=\"(max-width: 800px) 100vw, 800px\" \/>\t\t\t\t\t\t\t\t\t\t\t\t\t\t\t<\/div>\n\t\t\t\t<\/div>\n\t\t\t\t<\/div>\n\t\t<div class=\"elementor-element elementor-element-ac56104 e-con-full e-flex e-con e-child\" data-id=\"ac56104\" data-element_type=\"container\" data-settings=\"{&quot;_ha_eqh_enable&quot;:false}\">\n\t\t\t\t<div class=\"elementor-element elementor-element-601f3bf elementor-widget elementor-widget-heading\" data-id=\"601f3bf\" data-element_type=\"widget\" data-widget_type=\"heading.default\">\n\t\t\t\t<div class=\"elementor-widget-container\">\n\t\t\t\t\t<h2 class=\"elementor-heading-title elementor-size-default\">Convocatoria abierta EU H2020 SMART4ALL - MARINARA<\/h2>\t\t\t\t<\/div>\n\t\t\t\t<\/div>\n\t\t\t\t<div class=\"elementor-element elementor-element-214f4c7 elementor-widget elementor-widget-text-editor\" data-id=\"214f4c7\" data-element_type=\"widget\" data-widget_type=\"text-editor.default\">\n\t\t\t\t<div class=\"elementor-widget-container\">\n\t\t\t\t\t\t\t\t\t<p>El proyecto MARINARA, liderado por Ploa Technology Consultants, S.L. y AEON PC, integr\u00f3 veh\u00edculos de superficie no tripulados (USV) con tecnolog\u00eda IoT para monitorear en tiempo real la calidad del agua midiendo par\u00e1metros como pH, turbidez y temperatura, con el objetivo de prevenir la contaminaci\u00f3n del agua y proteger los ecosistemas acu\u00e1ticos.<\/p>\t\t\t\t\t\t\t\t<\/div>\n\t\t\t\t<\/div>\n\t\t\t\t<div class=\"elementor-element elementor-element-37cb8bf elementor-widget elementor-widget-ha-creative-button happy-addon ha-creative-button\" data-id=\"37cb8bf\" data-element_type=\"widget\" data-widget_type=\"ha-creative-button.default\">\n\t\t\t\t<div class=\"elementor-widget-container\">\n\t\t\t\t\t\t\t<div data-magnetic=\"no\" class=\"ha-creative-btn-wrap\">\n\t\t\t<a class=\"ha-creative-btn ha-stl--hermosa ha-eft--render\" href=\"https:\/\/ploatech.com\/es\/projects\/marinara\/\" rel=\"nofollow\"><span>Leer m\u00e1s<\/span><\/a>\n\t\t<\/div>\t\t\t\t<\/div>\n\t\t\t\t<\/div>\n\t\t\t\t<\/div>\n\t\t\t\t\t<\/div>\n\t\t\t\t<\/div>\n\t\t\t\t<\/div>","protected":false},"excerpt":{"rendered":"<p>Projects PLOATECH Competitive Projects PLOATECH is committed to innovation and actively participates in competitive R&amp;D&amp;I projects funded by the European Union, public, and private institutions. EU Horizon Europe &#8211; NEXTMARINE NEXTMARINE is a \u20ac4.5M Horizon Europe project exploring extreme marine ecosystems to unlock sustainable bio-based innovations. PLOATECH leads WP1, delivering advanced imaging and mapping solutions [&hellip;]<\/p>","protected":false},"author":1,"featured_media":0,"parent":0,"menu_order":0,"comment_status":"closed","ping_status":"closed","template":"","meta":{"_acf_changed":false,"footnotes":""},"class_list":["post-304","page","type-page","status-publish","hentry"],"acf":[],"_links":{"self":[{"href":"https:\/\/ploatech.com\/es\/wp-json\/wp\/v2\/pages\/304","targetHints":{"allow":["GET"]}}],"collection":[{"href":"https:\/\/ploatech.com\/es\/wp-json\/wp\/v2\/pages"}],"about":[{"href":"https:\/\/ploatech.com\/es\/wp-json\/wp\/v2\/types\/page"}],"author":[{"embeddable":true,"href":"https:\/\/ploatech.com\/es\/wp-json\/wp\/v2\/users\/1"}],"replies":[{"embeddable":true,"href":"https:\/\/ploatech.com\/es\/wp-json\/wp\/v2\/comments?post=304"}],"version-history":[{"count":61,"href":"https:\/\/ploatech.com\/es\/wp-json\/wp\/v2\/pages\/304\/revisions"}],"predecessor-version":[{"id":1350,"href":"https:\/\/ploatech.com\/es\/wp-json\/wp\/v2\/pages\/304\/revisions\/1350"}],"wp:attachment":[{"href":"https:\/\/ploatech.com\/es\/wp-json\/wp\/v2\/media?parent=304"}],"curies":[{"name":"wp","href":"https:\/\/api.w.org\/{rel}","templated":true}]}}