{"id":3,"date":"2024-08-01T09:52:33","date_gmt":"2024-08-01T09:52:33","guid":{"rendered":"https:\/\/ploatech.cobble.gr\/?page_id=3"},"modified":"2024-11-11T17:57:17","modified_gmt":"2024-11-11T17:57:17","slug":"privacy-policy","status":"publish","type":"page","link":"https:\/\/ploatech.com\/es\/privacy-policy\/","title":{"rendered":"Pol\u00edtica de Privacidad"},"content":{"rendered":"<div data-elementor-type=\"wp-page\" data-elementor-id=\"3\" class=\"elementor elementor-3\" data-elementor-settings=\"{&quot;ha_cmc_init_switcher&quot;:&quot;no&quot;}\" data-elementor-post-type=\"page\">\n\t\t\t\t<div class=\"elementor-element elementor-element-0f77f02 e-con-full e-flex e-con e-parent\" data-id=\"0f77f02\" data-element_type=\"container\" data-settings=\"{&quot;background_background&quot;:&quot;classic&quot;,&quot;_ha_eqh_enable&quot;:false}\">\n\t\t<div class=\"elementor-element elementor-element-b62521a e-con-full e-flex e-con e-child\" data-id=\"b62521a\" data-element_type=\"container\" data-settings=\"{&quot;_ha_eqh_enable&quot;:false}\">\n\t\t\t\t<div class=\"elementor-element elementor-element-bca0460 elementor-widget elementor-widget-heading\" data-id=\"bca0460\" data-element_type=\"widget\" data-widget_type=\"heading.default\">\n\t\t\t\t<div class=\"elementor-widget-container\">\n\t\t\t\t\t<h2 class=\"elementor-heading-title elementor-size-default\">Pol\u00edtica de Privacidad<\/h2>\t\t\t\t<\/div>\n\t\t\t\t<\/div>\n\t\t\t\t<\/div>\n\t\t\t\t<\/div>\n\t\t<div class=\"elementor-element elementor-element-57ead028 e-flex e-con-boxed e-con e-parent\" data-id=\"57ead028\" data-element_type=\"container\" data-settings=\"{&quot;_ha_eqh_enable&quot;:false}\">\n\t\t\t\t\t<div class=\"e-con-inner\">\n\t\t\t\t<div class=\"elementor-element elementor-element-49e5f48f elementor-widget elementor-widget-text-editor\" data-id=\"49e5f48f\" data-element_type=\"widget\" data-widget_type=\"text-editor.default\">\n\t\t\t\t<div class=\"elementor-widget-container\">\n\t\t\t\t\t\t\t\t\t<p><strong>Introducci\u00f3n<\/strong><\/p>\n<p>Su privacidad es importante para nosotros, as\u00ed que mediante este documento le explicamos qu\u00e9 datos recopilamos de los usuarios, como los utilizamos y para qu\u00e9, entre otras indicaciones. Los mayores de 14 a\u00f1os podr\u00e1n registrarse como usuarios sin el previo consentimiento de sus padres, tutores o representantes legales. En caso de menores de 14 a\u00f1os o identificados como \u201cincapaces legalmente\u201d, siempre necesitaremos del consentimiento paterno, o del tutor\/a o representante legal.<\/p>\n<p>Para su informaci\u00f3n, nunca solicitaremos m\u00e1s informaci\u00f3n de la que realmente necesitaremos para los servicios requeridos; nunca la compartiremos con terceros, excepto por obligaci\u00f3n legal o con su autorizaci\u00f3n previa; y nunca utilizaremos sus datos para otra finalidad no indicada previamente.<\/p>\n<p>Como usuario, deber\u00e1 leer atentamente esta pol\u00edtica de privacidad de manera regular, y siempre que introduzca sus datos personales, ya que este documento puede sufrir modificaciones pues el prestador puede modificar cualquier tipo de informaci\u00f3n que pudiera aparecer en la web para cumplir con la normativa o actualizar la pol\u00edtica, y sin que exista la obligaci\u00f3n de pre-avisar o poner en conocimiento de los usuarios estas obligaciones, siendo suficientes la publicaci\u00f3n en el sitio web del prestador.<\/p>\n<p><strong>PLOA TECHNOLOGY CONSULTANTS, S.L.<\/strong>, como responsable del Sitio web, de conformidad con lo que dispone el Reglamento (UE) 2016\/679 de 27 de abril de 2016 (RGPD), Ley Org\u00e1nica 3\/2018 de 5 de diciembre (LOPDGDD) y dem\u00e1s normativa legal vigente en materia de protecci\u00f3n de datos personales, y por la Ley 34\/2002, de 11 de julio, de Servicios de la Sociedad de la Informaci\u00f3n y del Comercio Electr\u00f3nico (LSSICE), le informa de que tiene implementadas las medidas de seguridad necesarias, de \u00edndole t\u00e9cnica y organizativas, para garantizar y proteger la confidencialidad, integridad y disponibilidad de los datos introducidos.<\/p>\n<p><strong>FINALIDAD DEL TRATAMIENTO<\/strong><\/p>\n<p>Sus datos personales s\u00f3lo se utilizar\u00e1n para las siguientes finalidades:<\/p>\n<p>\u2013 Realizar las gestiones comerciales y administrativas necesarias con nuestros clientes;<\/p>\n<p>\u2013 Responder a las consultas y\/o proporcionar informaciones requeridas por clientes y potenciales clientes;<\/p>\n<p>\u2013 Realizar las prestaciones de servicios y\/o productos contratados o subscritos por el clientes o potenciales clientes;<\/p>\n<p>\u2013 Utilizar sus datos para contactarle, tanto por v\u00eda electr\u00f3nica como no electr\u00f3nica, para obtener su opini\u00f3n sobre el servicio prestado y,<\/p>\n<p>\u2013 Notificarle cambios, desarrollos importantes de la pol\u00edtica de privacidad, <a href=\"https:\/\/ploatech.com\/es\/aviso-legal\/\">aviso legal<\/a> o <a href=\"https:\/\/ploatech.com\/es\/politica-de-cookies\/\">pol\u00edtica de cookies<\/a>.<\/p>\n<p>\u2013 Los datos de clientes y\/o proveedores ser\u00e1n tratados, dentro de la relaci\u00f3n contractual que les vincula con el responsable, en cumplimiento de las obligaciones administrativas, fiscales, contables y laborables que sean necesarias en virtud de la legislaci\u00f3n vigente.<\/p>\n<p>Puede revocar en cualquier momento su consentimiento remitiendo un escrito con el asunto \u201cBaja\u201d a <a href=\"mailto:info@ploatech.com\">info@ploatech.com<\/a>.<\/p>\n<p>De acuerdo con la LSSICE, <strong>PLOA TECHNOLOGY CONSULTANTS, S.L.<\/strong> no realiza pr\u00e1cticas de SPAM, por lo tanto, no env\u00eda correos comerciales por e-mail que no hayan sido previamente solicitados o autorizados por el Usuario. En consecuencia, en todas las comunicaciones que recibir\u00e1 del prestador, el usuario tiene la posibilidad de cancelar su consentimiento expreso para recibir nuestras comunicaciones.<\/p>\n<p>No trataremos sus datos personales para ninguna otra finalidad de las descritas salvo por obligaci\u00f3n legal o requerimiento judicial.<\/p>\n<p><strong>LEGITIMACI\u00d3N DEL TRATAMIENTO<\/strong><\/p>\n<p>La base legal para el tratamiento de los datos es su consentimiento otorgado para llevar a cabo las finalidades anteriormente descritas, que se solicitar\u00e1 en el momento de marcado de la casilla correspondiente a la hora de recoger sus datos.<\/p>\n<p>El no facilitar los datos personales solicitados o el no aceptar la presente pol\u00edtica de protecci\u00f3n de datos supone la imposibilidad de subscribirse, registrarse o recibir informaci\u00f3n de los productos y servicios del Prestador.<\/p>\n<p>En los casos en que exista una previa relaci\u00f3n contractual entre las partes, la legitimaci\u00f3n para el desarrollo de las obligaciones administrativas, fiscales, contables y laborales que sean necesarias en virtud de la legislaci\u00f3n vigente ser\u00e1 la existencia previa de la relaci\u00f3n comercial establecida entre las partes.<\/p>\n<p><strong>DESTINATARIOS DE CESIONES O TRANSFERENCIAS<\/strong><\/p>\n<p>PLOA TECHNOLOGY CONSULTANTS, S.L. no lleva a cabo ninguna cesi\u00f3n o comunicaci\u00f3n de datos salvo que exista necesidad razonable para cumplir con un procedimiento judicial, obligaci\u00f3n legal o previa obtenci\u00f3n del consentimiento del usuario.<\/p>\n<p>Tampoco se realizar\u00e1n transferencias internacionales de sus datos de car\u00e1cter personal sin su consentimiento previo sin perjuicio de poder bloquear o cancelar su cuenta si puede haber indicios de la comisi\u00f3n de alg\u00fan delito por parte del usuario. La informaci\u00f3n facilitada ser\u00e1 solamente la que disponga en este momento el prestador.<\/p>\n<p>PLOA TECHNOLOGY CONSULTANTS, S.L. no ceder\u00e1 los datos recogidos a terceros salvo que exista necesidad razonable para cumplir con un procedimiento judicial, obligaci\u00f3n legal o previa obtenci\u00f3n del consentimiento del usuario.<\/p>\n<p><strong>DERECHOS DE LAS PERSONAS INTERESADAS<\/strong><\/p>\n<p>Como usuario-interesado, puede solicitar el ejercicio de los siguientes derechos ante <strong>PLOA TECHNOLOGY CONSULTANTS, S.L.<\/strong> presentando un escrito a la direcci\u00f3n postal del encabezamiento o enviando un correo electr\u00f3nico a amallios@ploatech.com, indicando como Asunto: \u201cPROTECCI\u00d3N DE DATOS, EJERCICIO DERECHOS\u201d, y adjuntando fotocopia de su DNI o cualquier medio an\u00e1logo en derecho, tal y como indica la ley.<\/p>\n<p><strong>Derechos:<\/strong><\/p>\n<ul>\n<li><strong>Derecho de acceso:<\/strong> permite al interesado conocer y obtener informaci\u00f3n sobre sus datos de car\u00e1cter personal sometidos a tratamiento.<\/li>\n<li><strong>Derecho de rectificaci\u00f3n o supresi\u00f3n:<\/strong> permite corregir errores y modificar los datos que resulten ser inexactos o incompletos.<\/li>\n<li><strong>Derecho de cancelaci\u00f3n:<\/strong> permite que se supriman los datos que resulten ser inadecuados o excesivos.<\/li>\n<li><strong>Derecho de oposici\u00f3n:<\/strong> derecho del interesado a que no se lleve a cabo el tratamiento de sus datos de car\u00e1cter personal o se cese en el mismo.<\/li>\n<li><strong>Limitaci\u00f3n del tratamiento:<\/strong> conlleva el marcado de los datos personales conservados, con la finalidad de limitar su futuro tratamiento.<\/li>\n<li><strong>Portabilidad de los datos:<\/strong> facilitaci\u00f3n de los datos objeto de tratamiento al interesado, a fin de que \u00e9ste pueda transmitirlos a otro responsable, sin impedimentos.<\/li>\n<li><strong>Derecho a no ser objeto de decisiones individuales automatizadas (incluida la elaboraci\u00f3n de perfiles):<\/strong> derecho a no ser objeto de una decisi\u00f3n basada en el tratamiento automatizado que produzca efectos o afecte significativamente.<\/li>\n<\/ul>\n<p>Como usuario, tiene derecho a retirar el consentimiento prestado en cualquier momento. La retirada del consentimiento no afectar\u00e1 a la licitud del tratamiento efectuado antes de la retirada del consentimiento.<\/p>\n<p>Tambi\u00e9n tiene derecho a presentar una reclamaci\u00f3n ante la autoridad de control si considera que pueden haberse visto vulnerados sus derechos con relaci\u00f3n a la protecci\u00f3n de sus datos (<a href=\"http:\/\/www.aepd.es\">www.aepd.es<\/a>).<\/p>\n<p><strong>CONSERVACI\u00d3N DE SUS DATOS<\/strong><\/p>\n<p>Sus datos se conservar\u00e1n mientras dure la relaci\u00f3n comercial con nosotros o ejercite su derecho de cancelaci\u00f3n u oposici\u00f3n, o limitaci\u00f3n al tratamiento. Sin embargo, conservaremos determinados datos personales identificativos y del tr\u00e1fico durante el plazo m\u00e1ximo de 2 a\u00f1os para el caso de que fuera requerido por los Jueces y Tribunales o para incoar acciones internas derivadas del uso indebido de la p\u00e1gina web.<\/p>\n<p>No ser\u00e1 objeto de decisiones basadas en tratamientos automatizados que produzcan efectos sobre sus datos.<\/p>\n<p><strong>INFORMACI\u00d3N ADICIONAL<\/strong><\/p>\n<p><strong>MEDIDAS DE SEGURIDAD<\/strong><\/p>\n<p>Los datos que nos facilite se tratar\u00e1n de forma confidencial. El Prestador ha adoptado todas las medidas t\u00e9cnicas y organizativas y todos los niveles de protecci\u00f3n necesarios para garantizar la seguridad en el tratamiento de los datos y evitar su alteraci\u00f3n, p\u00e9rdida, robo, tratamiento o acceso no autorizado, de acuerdo el estado de la tecnolog\u00eda y naturaleza de los datos almacenados. As\u00ed mismo, se garantiza tambi\u00e9n que el tratamiento y registro en ficheros, programas, sistemas o equipos, locales y centros cumplen con los requisitos y condiciones de integridad y seguridad establecidas en la normativa vigente.<\/p>\n<p><strong>IDIOMA<\/strong><\/p>\n<p>El idioma aplicable a esta Pol\u00edtica de Privacidad es el espa\u00f1ol. Por tanto, en caso de que hubiera alguna contradicci\u00f3n en alguna de las versiones facilitadas en otros idiomas, prevalecer\u00e1 la versi\u00f3n en espa\u00f1ol.<\/p>\n<p><strong>INFORMACI\u00d3N QUE RECABAMOS:<\/strong><\/p>\n<p>Los datos recogidos por parte del responsable son los siguientes:<\/p>\n<p>\u2013 Datos recogidos a trav\u00e9s de las \u201ccookies\u201d (s\u00f3lo los necesarios) \u00a0para la mejora de la experiencia de la navegaci\u00f3n seg\u00fan se informa en la pol\u00edtica de cookies.<\/p>\n<p>La negativa a suministrar los datos obligatorios supondr\u00e1 la imposibilidad de atender la concreta solicitud de que se trate. Usted manifiesta que la informaci\u00f3n y los datos que nos facilita son exactos, actuales y veraces. Le rogamos que en caso de modificaci\u00f3n, comunique inmediatamente la misma a fin de que la informaci\u00f3n en tratamiento est\u00e9 en todo momento actualizada y no contenga errores.<\/p>\n<p>A trav\u00e9s de esta Pol\u00edtica de Privacidad le informamos que las fotograf\u00edas que est\u00e9n colgadas en la web son propiedad de <strong>PLOA TECHNOLOGY CONSULTANTS, S.L.<\/strong><\/p>\n<p><strong>REDES SOCIALES <\/strong><\/p>\n<p>Le informamos que <strong>PLOA TECHNOLOGY CONSULTANTS, S.L.<\/strong> puede tener presencia en redes sociales. El tratamiento de los datos que se lleve a cabo de las personas que se hagan seguidoras en las redes sociales (y\/o realicen cualquier v\u00ednculo o acci\u00f3n de conexi\u00f3n a trav\u00e9s de las redes sociales) de las p\u00e1ginas oficiales de <strong>PLOA TECHNOLOGY CONSULTANTS, S.L.<\/strong> se regir\u00e1 por este apartado, as\u00ed como por aquellas condiciones de uso, pol\u00edticas de privacidad y normativas de acceso que pertenezcan a la red social que proceda en cada caso y aceptadas previamente por el usuario.<\/p>\n<p>PLOA TECHNOLOGY CONSULTANTS, S.L. tratar\u00e1 sus datos con las finalidades de administrar correctamente su presencia en la red social, inform\u00e1ndole de actividades, productos o servicios del prestador, as\u00ed como para cualquier otra finalidad que las normativas de las Redes Sociales permitan.<\/p>\n<p>Queda prohibida la publicaci\u00f3n de contenidos:<\/p>\n<p>\u2013 Que sean presuntamente il\u00edcitos por la normativa nacional, comunitaria o internacional o que realicen actividades presuntamente il\u00edcitas o contravengan los principios de la buena fe.<\/p>\n<p>\u2013 Que atenten contra los derechos fundamentales de las personas, falten a la cortes\u00eda en la red, molesten o puedan generar opiniones negativas en nuestros usuarios o terceros y en general cualesquiera sean los contenidos que <strong>PLOA TECHNOLOGY CONSULTANTS, S.L.<\/strong> considere inapropiados.<\/p>\n<p>\u2013 Y en general que contravengan los principios de legalidad, honradez, responsabilidad, protecci\u00f3n de la dignidad humana, protecci\u00f3n de menores, protecci\u00f3n del orden p\u00fablico, la protecci\u00f3n de la vida privada, la protecci\u00f3n del consumidor y los derechos de propiedad intelectual e industrial.<\/p>\n<p>Asimismo, PLOA TECHNOLOGY CONSULTANTS, S.L. se reserva la potestad de retirar, sin previo aviso del sitio web o de la red social corporativa aquellos contenidos que se consideren inapropiados.<\/p>\n<p>Las comunicaciones remitidas a trav\u00e9s de las redes sociales ser\u00e1n incorporadas a un archivo propiedad de PLOA TECHNOLOGY CONSULTANTS, S.L., pudi\u00e9ndole enviar informaci\u00f3n de su inter\u00e9s.<\/p>\n<p>Puede acceder a m\u00e1s informaci\u00f3n, as\u00ed como consultar las empresas que forman parte de <strong>PLOA TECHNOLOGY CONSULTANTS, S.L.<\/strong>, mediante el siguiente enlace: https:\/\/ploatech.com\/\/politicadeprivacidad.<\/p>\n<p>En todo caso, si Vd. remite informaci\u00f3n personal a trav\u00e9s de la red social, PLOA TECHNOLOGY CONSULTANTS, S.L. quedar\u00e1 exento de responsabilidad en relaci\u00f3n a las medidas de seguridad aplicables a la presente plataforma, debiendo el usuario en caso de querer conocerlas, consultar las correspondientes condiciones particulares de la red en cuesti\u00f3n.<\/p>\n<p><strong>ENV\u00cdO CV<\/strong><\/p>\n<p>En el supuesto de que el usuario env\u00ede su CV a trav\u00e9s del mail indicado en la web, le informamos:<\/p>\n<p>Los datos se conservar\u00e1n durante un plazo m\u00e1ximo de un a\u00f1o, transcurrido el cual se proceder\u00e1 a la supresi\u00f3n de los datos garantiz\u00e1ndole un total respecto a la confidencialidad tanto en el tratamiento como en su posterior destrucci\u00f3n. En este sentido, transcurrido el mencionado plazo, y si desea continuar participando en los procesos de selecci\u00f3n del Responsable, le rogamos nos remita nuevamente su curr\u00edculum.<\/p>\n<p>Los datos se podr\u00e1n tratar y\/o comunicar a las empresas integrantes de nuestro grupo durante el tiempo de conservaci\u00f3n de su curr\u00edculum y para los mismos fines antes informados.<\/p>\n<p><strong>CAMBIOS EN LA PRESENTE POL\u00cdTICA DE PRIVACIDAD<\/strong><\/p>\n<p><strong>PLOA TECHNOLOGY CONSULTANTS, S.L.<\/strong> se reserva el derecho a modificar la presente pol\u00edtica para adaptarla a novedades legislativas o jurisprudenciales.<\/p>\n<p><strong>REVOCABILIDAD<\/strong><\/p>\n<p>El consentimiento prestado, tanto para el tratamiento como para la cesi\u00f3n de los datos de los interesados, es revocable en cualquier momento comunic\u00e1ndolo a PLOA TECHNOLOGY CONSULTANTS, S.L. en los t\u00e9rminos establecidos en esta Pol\u00edtica para el ejercicio de los derechos. Esta revocaci\u00f3n en ning\u00fan caso tendr\u00e1 car\u00e1cter retroactivo.<\/p>\n<p><strong>LEGISLACI\u00d3N<\/strong><\/p>\n<p>A todos los efectos las relaciones entre <strong>PLOA TECHNOLOGY CONSULTANTS, S.L.<\/strong> con los Usuarios de sus servicios telem\u00e1ticos, presentes en esta Web, est\u00e1n sometidos a la legislaci\u00f3n y jurisdicci\u00f3n espa\u00f1ola a la que se someten expresamente las partes, siendo competentes por la resoluci\u00f3n de todos los conflictos derivados o relacionados con su uso los Juzgados y Tribunales de Girona.<\/p>\t\t\t\t\t\t\t\t<\/div>\n\t\t\t\t<\/div>\n\t\t\t\t\t<\/div>\n\t\t\t\t<\/div>\n\t\t\t\t<\/div>","protected":false},"excerpt":{"rendered":"<p>Introducci\u00f3n Su privacidad es importante para nosotros, as\u00ed que mediante este documento le explicamos qu\u00e9 datos recopilamos de los usuarios, como los utilizamos y para qu\u00e9, entre otras indicaciones. Los mayores de 14 a\u00f1os podr\u00e1n registrarse como usuarios sin el previo consentimiento de sus padres, tutores o representantes legales. En caso de menores de 14 [&hellip;]<\/p>","protected":false},"author":1,"featured_media":0,"parent":0,"menu_order":0,"comment_status":"closed","ping_status":"closed","template":"","meta":{"_acf_changed":false,"footnotes":""},"class_list":["post-3","page","type-page","status-publish","hentry"],"acf":[],"_links":{"self":[{"href":"https:\/\/ploatech.com\/es\/wp-json\/wp\/v2\/pages\/3","targetHints":{"allow":["GET"]}}],"collection":[{"href":"https:\/\/ploatech.com\/es\/wp-json\/wp\/v2\/pages"}],"about":[{"href":"https:\/\/ploatech.com\/es\/wp-json\/wp\/v2\/types\/page"}],"author":[{"embeddable":true,"href":"https:\/\/ploatech.com\/es\/wp-json\/wp\/v2\/users\/1"}],"replies":[{"embeddable":true,"href":"https:\/\/ploatech.com\/es\/wp-json\/wp\/v2\/comments?post=3"}],"version-history":[{"count":4,"href":"https:\/\/ploatech.com\/es\/wp-json\/wp\/v2\/pages\/3\/revisions"}],"predecessor-version":[{"id":614,"href":"https:\/\/ploatech.com\/es\/wp-json\/wp\/v2\/pages\/3\/revisions\/614"}],"wp:attachment":[{"href":"https:\/\/ploatech.com\/es\/wp-json\/wp\/v2\/media?parent=3"}],"curies":[{"name":"wp","href":"https:\/\/api.w.org\/{rel}","templated":true}]}}